{"id":108,"date":"2023-01-12T11:39:32","date_gmt":"2023-01-12T11:39:32","guid":{"rendered":"https:\/\/nuukrental.gl\/?page_id=108"},"modified":"2025-01-31T22:30:20","modified_gmt":"2025-02-01T00:30:20","slug":"privatlivspolitik","status":"publish","type":"page","link":"https:\/\/nuukrental.gl\/en\/privatlivspolitik\/","title":{"rendered":"Privacy Policy"},"content":{"rendered":"\t\t<div data-elementor-type=\"wp-page\" data-elementor-id=\"108\" class=\"elementor elementor-108\" data-elementor-settings=\"{&quot;element_pack_global_tooltip_width&quot;:{&quot;unit&quot;:&quot;px&quot;,&quot;size&quot;:&quot;&quot;,&quot;sizes&quot;:[]},&quot;element_pack_global_tooltip_width_tablet&quot;:{&quot;unit&quot;:&quot;px&quot;,&quot;size&quot;:&quot;&quot;,&quot;sizes&quot;:[]},&quot;element_pack_global_tooltip_width_mobile&quot;:{&quot;unit&quot;:&quot;px&quot;,&quot;size&quot;:&quot;&quot;,&quot;sizes&quot;:[]},&quot;element_pack_global_tooltip_padding&quot;:{&quot;unit&quot;:&quot;px&quot;,&quot;top&quot;:&quot;&quot;,&quot;right&quot;:&quot;&quot;,&quot;bottom&quot;:&quot;&quot;,&quot;left&quot;:&quot;&quot;,&quot;isLinked&quot;:true},&quot;element_pack_global_tooltip_padding_tablet&quot;:{&quot;unit&quot;:&quot;px&quot;,&quot;top&quot;:&quot;&quot;,&quot;right&quot;:&quot;&quot;,&quot;bottom&quot;:&quot;&quot;,&quot;left&quot;:&quot;&quot;,&quot;isLinked&quot;:true},&quot;element_pack_global_tooltip_padding_mobile&quot;:{&quot;unit&quot;:&quot;px&quot;,&quot;top&quot;:&quot;&quot;,&quot;right&quot;:&quot;&quot;,&quot;bottom&quot;:&quot;&quot;,&quot;left&quot;:&quot;&quot;,&quot;isLinked&quot;:true},&quot;element_pack_global_tooltip_border_radius&quot;:{&quot;unit&quot;:&quot;px&quot;,&quot;top&quot;:&quot;&quot;,&quot;right&quot;:&quot;&quot;,&quot;bottom&quot;:&quot;&quot;,&quot;left&quot;:&quot;&quot;,&quot;isLinked&quot;:true},&quot;element_pack_global_tooltip_border_radius_tablet&quot;:{&quot;unit&quot;:&quot;px&quot;,&quot;top&quot;:&quot;&quot;,&quot;right&quot;:&quot;&quot;,&quot;bottom&quot;:&quot;&quot;,&quot;left&quot;:&quot;&quot;,&quot;isLinked&quot;:true},&quot;element_pack_global_tooltip_border_radius_mobile&quot;:{&quot;unit&quot;:&quot;px&quot;,&quot;top&quot;:&quot;&quot;,&quot;right&quot;:&quot;&quot;,&quot;bottom&quot;:&quot;&quot;,&quot;left&quot;:&quot;&quot;,&quot;isLinked&quot;:true}}\" data-elementor-post-type=\"page\">\n\t\t\t\t\t\t<section class=\"elementor-section elementor-top-section elementor-element elementor-element-0c1e18a elementor-section-height-min-height elementor-section-boxed elementor-section-height-default elementor-section-items-middle\" data-id=\"0c1e18a\" data-element_type=\"section\" data-e-type=\"section\" data-settings=\"{&quot;background_background&quot;:&quot;classic&quot;,&quot;background_motion_fx_motion_fx_scrolling&quot;:&quot;yes&quot;,&quot;background_motion_fx_translateY_effect&quot;:&quot;yes&quot;,&quot;background_motion_fx_translateY_speed&quot;:{&quot;unit&quot;:&quot;px&quot;,&quot;size&quot;:10,&quot;sizes&quot;:[]},&quot;background_motion_fx_translateY_affectedRange&quot;:{&quot;unit&quot;:&quot;%&quot;,&quot;size&quot;:&quot;&quot;,&quot;sizes&quot;:{&quot;start&quot;:21,&quot;end&quot;:100}},&quot;background_motion_fx_devices&quot;:[&quot;desktop&quot;,&quot;tablet&quot;,&quot;mobile&quot;]}\">\n\t\t\t\t\t\t\t<div class=\"elementor-background-overlay\"><\/div>\n\t\t\t\t\t\t\t<div class=\"elementor-container elementor-column-gap-default\">\n\t\t\t\t\t<div class=\"elementor-column elementor-col-100 elementor-top-column elementor-element elementor-element-ef9be1f\" data-id=\"ef9be1f\" data-element_type=\"column\" data-e-type=\"column\">\n\t\t\t<div class=\"elementor-widget-wrap elementor-element-populated\">\n\t\t\t\t\t\t<div class=\"elementor-element elementor-element-b377391 elementor-widget elementor-widget-heading\" data-id=\"b377391\" data-element_type=\"widget\" data-e-type=\"widget\" data-widget_type=\"heading.default\">\n\t\t\t\t\t<h2 class=\"elementor-heading-title elementor-size-default\">Privatlivspolitik<\/h2>\t\t\t\t<\/div>\n\t\t\t\t\t<\/div>\n\t\t<\/div>\n\t\t\t\t\t<\/div>\n\t\t<\/section>\n\t\t\t\t<section class=\"elementor-section elementor-top-section elementor-element elementor-element-8f6b34c elementor-section-boxed elementor-section-height-default elementor-section-height-default\" data-id=\"8f6b34c\" data-element_type=\"section\" data-e-type=\"section\">\n\t\t\t\t\t\t<div class=\"elementor-container elementor-column-gap-default\">\n\t\t\t\t\t<div class=\"elementor-column elementor-col-100 elementor-top-column elementor-element elementor-element-4ff137c\" data-id=\"4ff137c\" data-element_type=\"column\" data-e-type=\"column\">\n\t\t\t<div class=\"elementor-widget-wrap elementor-element-populated\">\n\t\t\t\t\t\t<div class=\"elementor-element elementor-element-3d3156f elementor-widget elementor-widget-text-editor\" data-id=\"3d3156f\" data-element_type=\"widget\" data-e-type=\"widget\" data-widget_type=\"text-editor.default\">\n\t\t\t\t\t\t\t\t\t<div id=\"lipsum\"><p><strong>Indledning<\/strong><br \/>Denne privatlivspolitik (\"Politik\") forklarer, hvordan Nuuk Rental (\"vi\", \"os\" eller \"vores\") indsamler, bruger og deler personlige oplysninger om og fra dig, n\u00e5r du bes\u00f8ger vores hjemmeside (nuukrental.gl) og benytter vores biludlejningstjenester og bilvask. Ved at benytte vores tjenester accepterer du de praksisser, der beskrives i denne politik. Vi overholder g\u00e6ldende love og bekendtg\u00f8relser, herunder bekendtg\u00f8relse nr. 1238 af 14. oktober 2016 om sikkerhedsforanstaltninger til beskyttelse af personoplysninger i Gr\u00f8nland, s\u00e6rligt \u00a7\u00a7 2 og 3.<\/p><p><strong>Oplysninger, vi indsamler<\/strong><br \/>N\u00e5r du bes\u00f8ger vores hjemmeside eller benytter vores tjenester, indsamler vi forskellige typer af oplysninger, der kan identificere dig personligt. Blandt disse oplysninger er dine kontaktdata, s\u00e5som navn, adresse, e-mailadresse og telefonnummer, samt identifikationsoplysninger, eksempelvis CPR-nummer og k\u00f8rekortoplysninger. Endvidere kan vi indsamle finansielle oplysninger, herunder kreditkortoplysninger og faktureringsadresse, som er n\u00f8dvendige for at behandle dine betalinger. Derudover registrerer vi oplysninger om, hvordan du benytter vores hjemmeside og tjenester, for eksempel hvilke sider og funktioner der anvendes, samt oplysninger om din fysiske placering, n\u00e5r du benytter vores tjenester. Data vedr\u00f8rende specifikke udlejninger, herunder lejeaftalens datoer og den valgte bilmodel, indsamles i overensstemmelse med bekendtg\u00f8relse nr. 1238, \u00a7 5.<\/p><p>Udover personligt identificerbare oplysninger kan vi ogs\u00e5 indsamle data, som ikke direkte kan knyttes til dig. Dette inkluderer information om den anvendte browser, version, sprogindstillinger, oplysninger om din enhed s\u00e5som enhedstype, operativsystem og unikke enhedsidentifikatorer samt data, der indsamles via analytiske v\u00e6rkt\u00f8jer som Google Analytics, der hj\u00e6lper os med at forst\u00e5, hvordan vores hjemmeside anvendes og med at optimere brugeroplevelsen.<\/p><p><strong>Hvordan vi bruger dine oplysninger<\/strong><br \/>De indsamlede oplysninger anvendes til en r\u00e6kke form\u00e5l, der underst\u00f8tter driften og forbedringen af vores tjenester. Vi bruger oplysningerne til at levere, vedligeholde og l\u00f8bende forbedre b\u00e5de vores hjemmeside og vores biludlejningstjenester samt bilvask. Dette omfatter behandling af reservationer, administration af lejeaftaler, h\u00e5ndtering af betalinger og fakturering, alt sammen i overensstemmelse med bekendtg\u00f8relse nr. 1238, \u00a7\u00a7 5 og 6.<\/p><p>Vi benytter dine oplysninger til at kommunikere med dig, herunder at besvare dine henvendelser, sende dig bekr\u00e6ftelser og opdateringer samt informere dig om relevante tilbud og markedsf\u00f8ringsmateriale \u2013 dog udelukkende, hvis du har givet dit samtykke til at modtage s\u00e5dan kommunikation, jf. bekendtg\u00f8relse nr. 1238, \u00a7 7. Desuden anvender vi dine oplysninger til at forebygge og opdage bedrageri og uautoriseret adgang samt til at sikre, at vi overholder g\u00e6ldende love og regulativer.<\/p><p><strong>Deling af dine oplysninger<\/strong><br \/>Vi videregiver kun dine personlige oplysninger til tredjepart under specifikke omst\u00e6ndigheder. For at kunne levere vores tjenester benytter vi os af tjenesteudbydere, s\u00e5som betalingsbehandlere, IT-support og udbydere af e-mailtjenester, som behandler oplysningerne p\u00e5 vores vegne, jf. bekendtg\u00f8relse nr. 1238, \u00a7 6. Derudover kan vi blive forpligtede til at dele dine oplysninger for at overholde lovkrav, eksempelvis i forbindelse med retsprocesser eller st\u00e6vninger, i overensstemmelse med bekendtg\u00f8relse nr. 1238, \u00a7 8. I tilf\u00e6lde af forretningsoverdragelser, fusioner eller opk\u00f8b kan dine oplysninger blive en del af overdragelsen af virksomhedens samlede aktiver. Endelig kan vi dele dine oplysninger, hvis du eksplicit har givet samtykke til dette, eller hvis det er n\u00f8dvendigt for at h\u00e5ndh\u00e6ve vores vilk\u00e5r og beskytte vores eller andres rettigheder, ejendom eller sikkerhed, jf. bekendtg\u00f8relse nr. 1238, \u00a7\u00a7 7 og 9.<\/p><p><strong>Dine rettigheder<\/strong><br \/>Du har en r\u00e6kke rettigheder i forhold til de personlige oplysninger, vi behandler om dig. Du har ret til at f\u00e5 indsigt i de oplysninger, vi har registreret om dig, og du kan anmode om, at eventuelle fejl eller ufuldst\u00e6ndige oplysninger bliver rettet. Under visse omst\u00e6ndigheder kan du ogs\u00e5 kr\u00e6ve, at dine oplysninger bliver slettet, eller at behandlingen af dem begr\u00e6nses. Derudover har du ret til dataportabilitet, hvilket betyder, at du kan f\u00e5 udleveret dine oplysninger i et struktureret og almindeligt anvendt format, samt retten til at g\u00f8re indsigelse mod visse former for behandling. For at ud\u00f8ve disse rettigheder bedes du kontakte os, jf. bekendtg\u00f8relse nr. 1238, \u00a7 10.<\/p><p><strong>Sikkerhed<\/strong><br \/>Vi s\u00e6tter en \u00e6re i at beskytte dine personlige oplysninger og har implementeret passende tekniske og organisatoriske sikkerhedsforanstaltninger for at forhindre uautoriseret adgang, tab eller misbrug af dine data. Det skal dog bem\u00e6rkes, at ingen sikkerhedsforanstaltninger kan garantere 100 % beskyttelse, hvilket ogs\u00e5 understreges i bekendtg\u00f8relse nr. 1238, \u00a7\u00a7 3 og 9.<\/p><p><strong>Cookies og tracking-teknologier<\/strong><br \/>For at forbedre din oplevelse p\u00e5 vores hjemmeside benytter vi cookies og lignende teknologier. Cookies er sm\u00e5 tekstfiler, der gemmes p\u00e5 din enhed, n\u00e5r du bes\u00f8ger vores hjemmeside, og de hj\u00e6lper os med at huske dine pr\u00e6ferencer samt optimere funktionaliteten. Du har mulighed for at administrere dine cookie-indstillinger via din browsers indstillinger, men v\u00e6r opm\u00e6rksom p\u00e5, at deaktivering af cookies kan p\u00e5virke hjemmesidens funktionalitet.<\/p><p><strong>Links til andre sider<\/strong><br \/>Vores hjemmeside kan indeholde links til tredjepartswebsteder. Vi p\u00e5tager os intet ansvar for privatlivspraksisser eller indholdet p\u00e5 disse eksterne sider, og vi opfordrer dig derfor til at gennemg\u00e5 deres privatlivspolitikker, n\u00e5r du bes\u00f8ger dem.<\/p><p><strong>\u00c6ndringer i denne politik<\/strong><br \/>Vi forbeholder os retten til l\u00f8bende at opdatere denne privatlivspolitik for at afspejle \u00e6ndringer i vores praksis eller g\u00e6ldende lovgivning. Ved v\u00e6sentlige \u00e6ndringer vil vi informere dig via vores hjemmeside, hvor en opdateret \"Sidst opdateret\"-dato vil fremg\u00e5, i overensstemmelse med bekendtg\u00f8relse nr. 1238, \u00a7 6. Vi anbefaler, at du j\u00e6vnligt l\u00e6ser denne politik for at holde dig orienteret om, hvordan vi beskytter dine personlige oplysninger.<\/p><p><strong>Kontakt<\/strong><br \/>Hvis du har sp\u00f8rgsm\u00e5l, bekymringer eller \u00f8nsker at ud\u00f8ve dine rettigheder i forhold til de personlige oplysninger, vi behandler, er du velkommen til at kontakte os. Du kan g\u00f8re dette via e-mail p\u00e5 <a rel=\"noopener\">info@nuukrental.gl<\/a>, pr. post til vores fysiske adresse, eller telefonisk p\u00e5 +299 32 10 60.<\/p><\/div>\t\t\t\t\t\t\t\t<\/div>\n\t\t\t\t\t<\/div>\n\t\t<\/div>\n\t\t\t\t\t<\/div>\n\t\t<\/section>\n\t\t\t\t<\/div>\n\t\t","protected":false},"excerpt":{"rendered":"<p>Privatlivspolitik IndledningDenne privatlivspolitik (\"Politik\") forklarer, hvordan Nuuk Rental (\"vi\", \"os\" eller \"vores\") indsamler, bruger og deler personlige oplysninger om og fra dig, n\u00e5r du bes\u00f8ger vores hjemmeside (nuukrental.gl) og benytter vores biludlejningstjenester og bilvask. Ved at benytte vores tjenester accepterer du de praksisser, der beskrives i denne politik. Vi overholder g\u00e6ldende love og bekendtg\u00f8relser, herunder [&hellip;]<\/p>\n","protected":false},"author":9,"featured_media":0,"parent":0,"menu_order":0,"comment_status":"closed","ping_status":"closed","template":"elementor_header_footer","meta":{"_monsterinsights_skip_tracking":false,"_monsterinsights_sitenote_active":false,"_monsterinsights_sitenote_note":"","_monsterinsights_sitenote_category":0,"_uf_show_specific_survey":0,"_uf_disable_surveys":false,"site-sidebar-layout":"default","site-content-layout":"","ast-site-content-layout":"full-width-container","site-content-style":"default","site-sidebar-style":"default","ast-global-header-display":"","ast-banner-title-visibility":"","ast-main-header-display":"","ast-hfb-above-header-display":"","ast-hfb-below-header-display":"","ast-hfb-mobile-header-display":"","site-post-title":"","ast-breadcrumbs-content":"","ast-featured-img":"","footer-sml-layout":"","ast-disable-related-posts":"","theme-transparent-header-meta":"default","adv-header-id-meta":"","stick-header-meta":"","header-above-stick-meta":"","header-main-stick-meta":"","header-below-stick-meta":"","astra-migrate-meta-layouts":"set","ast-page-background-enabled":"default","ast-page-background-meta":{"desktop":{"background-color":"var(--ast-global-color-4)","background-image":"","background-repeat":"repeat","background-position":"center center","background-size":"auto","background-attachment":"scroll","background-type":"","background-media":"","overlay-type":"","overlay-color":"","overlay-opacity":"","overlay-gradient":""},"tablet":{"background-color":"","background-image":"","background-repeat":"repeat","background-position":"center center","background-size":"auto","background-attachment":"scroll","background-type":"","background-media":"","overlay-type":"","overlay-color":"","overlay-opacity":"","overlay-gradient":""},"mobile":{"background-color":"","background-image":"","background-repeat":"repeat","background-position":"center center","background-size":"auto","background-attachment":"scroll","background-type":"","background-media":"","overlay-type":"","overlay-color":"","overlay-opacity":"","overlay-gradient":""}},"ast-content-background-meta":{"desktop":{"background-color":"var(--ast-global-color-5)","background-image":"","background-repeat":"repeat","background-position":"center center","background-size":"auto","background-attachment":"scroll","background-type":"","background-media":"","overlay-type":"","overlay-color":"","overlay-opacity":"","overlay-gradient":""},"tablet":{"background-color":"var(--ast-global-color-5)","background-image":"","background-repeat":"repeat","background-position":"center center","background-size":"auto","background-attachment":"scroll","background-type":"","background-media":"","overlay-type":"","overlay-color":"","overlay-opacity":"","overlay-gradient":""},"mobile":{"background-color":"var(--ast-global-color-5)","background-image":"","background-repeat":"repeat","background-position":"center center","background-size":"auto","background-attachment":"scroll","background-type":"","background-media":"","overlay-type":"","overlay-color":"","overlay-opacity":"","overlay-gradient":""}},"footnotes":""},"class_list":["post-108","page","type-page","status-publish","hentry"],"_links":{"self":[{"href":"https:\/\/nuukrental.gl\/en\/wp-json\/wp\/v2\/pages\/108","targetHints":{"allow":["GET"]}}],"collection":[{"href":"https:\/\/nuukrental.gl\/en\/wp-json\/wp\/v2\/pages"}],"about":[{"href":"https:\/\/nuukrental.gl\/en\/wp-json\/wp\/v2\/types\/page"}],"author":[{"embeddable":true,"href":"https:\/\/nuukrental.gl\/en\/wp-json\/wp\/v2\/users\/9"}],"replies":[{"embeddable":true,"href":"https:\/\/nuukrental.gl\/en\/wp-json\/wp\/v2\/comments?post=108"}],"version-history":[{"count":6,"href":"https:\/\/nuukrental.gl\/en\/wp-json\/wp\/v2\/pages\/108\/revisions"}],"predecessor-version":[{"id":2651,"href":"https:\/\/nuukrental.gl\/en\/wp-json\/wp\/v2\/pages\/108\/revisions\/2651"}],"wp:attachment":[{"href":"https:\/\/nuukrental.gl\/en\/wp-json\/wp\/v2\/media?parent=108"}],"curies":[{"name":"wp","href":"https:\/\/api.w.org\/{rel}","templated":true}]}}